{"id":99,"date":"2011-08-22T20:30:42","date_gmt":"2011-08-22T20:30:42","guid":{"rendered":"http:\/\/localhost\/taxjusticetoolkit2.org\/?page_id=99"},"modified":"2023-03-10T11:22:58","modified_gmt":"2023-03-10T10:22:58","slug":"contacto","status":"publish","type":"page","link":"https:\/\/taxjusticetoolkit.org\/es\/mas\/contacto\/","title":{"rendered":"Contacto"},"content":{"rendered":"<p><img loading=\"lazy\" decoding=\"async\" class=\"alignnone size-full wp-image-2537\" src=\"https:\/\/taxjusticetoolkit.org\/wp-content\/uploads\/2023\/03\/Somo_rood.png\" alt=\"\" width=\"227\" height=\"66\" \/><\/p>\n<p><strong>SOMO<\/strong><\/p>\n<p>El Centro de Investigaci\u00f3n sobre Empresas Multinacionales (SOMO) es un centro de conocimiento cr\u00edtico, independiente y sin \u00e1nimo de lucro sobre las multinacionales. Desde 1973 investigamos las empresas multinacionales y el impacto de sus actividades en las personas y el medio ambiente. Prestamos servicios a medida (investigaci\u00f3n, consultor\u00eda y formaci\u00f3n) a organizaciones sin \u00e1nimo de lucro y al sector p\u00fablico. Reforzamos la colaboraci\u00f3n entre organizaciones de la sociedad civil a trav\u00e9s de nuestra red mundial. De estas tres maneras, contribuimos a la sostenibilidad social, medioambiental y econ\u00f3mica.<\/p>\n<p>Direcci\u00f3n:<br \/>\nKNSM-laan 17<br \/>\n1019 LA \u00c1msterdam<br \/>\nPa\u00edses Bajos<br \/>\nTel: +31 (0)20 639 12 91 (de lunes a viernes, de 9 a 17 horas)<\/p>\n<p><img loading=\"lazy\" decoding=\"async\" class=\"alignnone  wp-image-2540\" src=\"https:\/\/taxjusticetoolkit.org\/wp-content\/uploads\/2023\/03\/christian_aid_logo_red_eng-3148709271-300x133.jpg\" alt=\"\" width=\"188\" height=\"83\" srcset=\"https:\/\/taxjusticetoolkit.org\/wp-content\/uploads\/2023\/03\/christian_aid_logo_red_eng-3148709271-300x133.jpg 300w, https:\/\/taxjusticetoolkit.org\/wp-content\/uploads\/2023\/03\/christian_aid_logo_red_eng-3148709271-1024x454.jpg 1024w, https:\/\/taxjusticetoolkit.org\/wp-content\/uploads\/2023\/03\/christian_aid_logo_red_eng-3148709271-768x341.jpg 768w, https:\/\/taxjusticetoolkit.org\/wp-content\/uploads\/2023\/03\/christian_aid_logo_red_eng-3148709271-1536x681.jpg 1536w, https:\/\/taxjusticetoolkit.org\/wp-content\/uploads\/2023\/03\/christian_aid_logo_red_eng-3148709271.jpg 1578w\" sizes=\"(max-width: 188px) 100vw, 188px\" \/><\/p>\n<p><strong>Christian Aid<\/strong><\/p>\n<p>Christian Aid es una organizaci\u00f3n cristiana que insiste en que el mundo puede y debe cambiar r\u00e1pidamente para que todos puedan vivir una vida plena, libre de pobreza. Proporcionamos ayuda urgente, pr\u00e1ctica y eficaz donde la necesidad es grande, abordando los efectos de la pobreza as\u00ed como sus causas fundamentales.<\/p>\n<p>Direcci\u00f3n:<br \/>\nChristian Aid<br \/>\n35 Lower Marsh<br \/>\nWaterloo, Londres<br \/>\nSE1 7RL Reino Unido<br \/>\nTel: +44 (0) 20 7620 4444<\/p>\n","protected":false},"excerpt":{"rendered":"<p>SOMO El Centro de Investigaci\u00f3n sobre Empresas Multinacionales (SOMO) es un centro de conocimiento cr\u00edtico, independiente y sin \u00e1nimo de lucro sobre las multinacionales. Desde 1973 investigamos las empresas multinacionales y el impacto de sus actividades en las personas y el medio ambiente. Prestamos servicios a medida (investigaci\u00f3n, consultor\u00eda y formaci\u00f3n) a organizaciones sin \u00e1nimo [&hellip;]<\/p>\n","protected":false},"author":9,"featured_media":0,"parent":1833,"menu_order":4,"comment_status":"closed","ping_status":"closed","template":"","meta":{"ocean_post_layout":"left-sidebar","ocean_both_sidebars_style":"","ocean_both_sidebars_content_width":0,"ocean_both_sidebars_sidebars_width":0,"ocean_sidebar":"ocs-more","ocean_second_sidebar":"0","ocean_disable_margins":"enable","ocean_add_body_class":"default-sand","ocean_shortcode_before_top_bar":"","ocean_shortcode_after_top_bar":"","ocean_shortcode_before_header":"","ocean_shortcode_after_header":"","ocean_has_shortcode":"","ocean_shortcode_after_title":"","ocean_shortcode_before_footer_widgets":"","ocean_shortcode_after_footer_widgets":"","ocean_shortcode_before_footer_bottom":"","ocean_shortcode_after_footer_bottom":"","ocean_display_top_bar":"default","ocean_display_header":"default","ocean_header_style":"","ocean_center_header_left_menu":"0","ocean_custom_header_template":"0","ocean_custom_logo":0,"ocean_custom_retina_logo":0,"ocean_custom_logo_max_width":0,"ocean_custom_logo_tablet_max_width":0,"ocean_custom_logo_mobile_max_width":0,"ocean_custom_logo_max_height":0,"ocean_custom_logo_tablet_max_height":0,"ocean_custom_logo_mobile_max_height":0,"ocean_header_custom_menu":"0","ocean_menu_typo_font_family":"0","ocean_menu_typo_font_subset":"","ocean_menu_typo_font_size":0,"ocean_menu_typo_font_size_tablet":0,"ocean_menu_typo_font_size_mobile":0,"ocean_menu_typo_font_size_unit":"px","ocean_menu_typo_font_weight":"","ocean_menu_typo_font_weight_tablet":"","ocean_menu_typo_font_weight_mobile":"","ocean_menu_typo_transform":"","ocean_menu_typo_transform_tablet":"","ocean_menu_typo_transform_mobile":"","ocean_menu_typo_line_height":0,"ocean_menu_typo_line_height_tablet":0,"ocean_menu_typo_line_height_mobile":0,"ocean_menu_typo_line_height_unit":"","ocean_menu_typo_spacing":0,"ocean_menu_typo_spacing_tablet":0,"ocean_menu_typo_spacing_mobile":0,"ocean_menu_typo_spacing_unit":"","ocean_menu_link_color":"","ocean_menu_link_color_hover":"","ocean_menu_link_color_active":"","ocean_menu_link_background":"","ocean_menu_link_hover_background":"","ocean_menu_link_active_background":"","ocean_menu_social_links_bg":"","ocean_menu_social_hover_links_bg":"","ocean_menu_social_links_color":"","ocean_menu_social_hover_links_color":"","ocean_disable_title":"default","ocean_disable_heading":"default","ocean_post_title":"","ocean_post_subheading":"","ocean_post_title_style":"solid-color","ocean_post_title_background_color":"#655e3d","ocean_post_title_background":0,"ocean_post_title_bg_image_position":"","ocean_post_title_bg_image_attachment":"","ocean_post_title_bg_image_repeat":"","ocean_post_title_bg_image_size":"","ocean_post_title_height":0,"ocean_post_title_bg_overlay":0.5,"ocean_post_title_bg_overlay_color":"","ocean_disable_breadcrumbs":"default","ocean_breadcrumbs_color":"","ocean_breadcrumbs_separator_color":"","ocean_breadcrumbs_links_color":"","ocean_breadcrumbs_links_hover_color":"","ocean_display_footer_widgets":"default","ocean_display_footer_bottom":"default","ocean_custom_footer_template":"0","_themeisle_gutenberg_block_has_review":false,"footnotes":""},"_links":{"self":[{"href":"https:\/\/taxjusticetoolkit.org\/es\/wp-json\/wp\/v2\/pages\/99"}],"collection":[{"href":"https:\/\/taxjusticetoolkit.org\/es\/wp-json\/wp\/v2\/pages"}],"about":[{"href":"https:\/\/taxjusticetoolkit.org\/es\/wp-json\/wp\/v2\/types\/page"}],"author":[{"embeddable":true,"href":"https:\/\/taxjusticetoolkit.org\/es\/wp-json\/wp\/v2\/users\/9"}],"replies":[{"embeddable":true,"href":"https:\/\/taxjusticetoolkit.org\/es\/wp-json\/wp\/v2\/comments?post=99"}],"version-history":[{"count":8,"href":"https:\/\/taxjusticetoolkit.org\/es\/wp-json\/wp\/v2\/pages\/99\/revisions"}],"predecessor-version":[{"id":2543,"href":"https:\/\/taxjusticetoolkit.org\/es\/wp-json\/wp\/v2\/pages\/99\/revisions\/2543"}],"up":[{"embeddable":true,"href":"https:\/\/taxjusticetoolkit.org\/es\/wp-json\/wp\/v2\/pages\/1833"}],"wp:attachment":[{"href":"https:\/\/taxjusticetoolkit.org\/es\/wp-json\/wp\/v2\/media?parent=99"}],"curies":[{"name":"wp","href":"https:\/\/api.w.org\/{rel}","templated":true}]}}