{"id":175,"date":"2011-09-12T13:29:55","date_gmt":"2011-09-12T13:29:55","guid":{"rendered":"http:\/\/taxjustice.somo.nl\/?page_id=175"},"modified":"2022-02-02T16:47:06","modified_gmt":"2022-02-02T15:47:06","slug":"pagina-de-interaccion","status":"publish","type":"page","link":"https:\/\/taxjusticetoolkit.org\/es\/por-que-preocuparse-por-los-impuestos\/pagina-de-interaccion\/","title":{"rendered":"P\u00e1gina de interacci\u00f3n"},"content":{"rendered":"<div class=\"interaction-page\">\n<p><strong>Esta p\u00e1gina ofrece una sugerencia para facilitar una discusi\u00f3n grupal sobre los principales temas planteados en este cap\u00edtulo.<\/strong><\/p>\n<h2>Ejercicio 1: \u00bfPor qu\u00e9 preocuparse por los impuestos? Preparaci\u00f3n de argumentos para su organizaci\u00f3n.<\/h2>\n<p><strong>Prop\u00f3sito:<\/strong>Establecer por qu\u00e9 los impuestos son pertinentes para el trabajo de diferentes organizaciones, redes y comunidades.<\/p>\n<p><strong>Ejercicio de discusi\u00f3n en grupos:<\/strong> Compartan los estudios de casos y citas del cap\u00edtulo sobre \u2018\u00bfPor\u00a0qu\u00e9 preocuparse por los impuestos?\u2019 con los grupos. \u00bfAlgunos de estos ejemplos les parecen pertinentes?<br \/>\nPidan a los grupos que discutan maneras en que piensan que los impuestos son pertinentes para su organizaci\u00f3n, red o comunidad.<\/p>\n<p><strong>En la sesi\u00f3n plenaria:<\/strong> Pidan a los grupos que compartan sus principales conclusiones.<br \/>\nDiscutan seg\u00fan corresponda.<\/p>\n<div class=\"recap\">\n<div class=\"recap-logo\"><\/div>\n<div class=\"recap-content\">\n<h2>Cap\u00edtulo 1: \u00bfPor qu\u00e9 preocuparse por los impuestos?<\/h2>\n<p>En este momento, ustedes deben:<\/p>\n<ul>\n<li>estar familiarizados con una variedad de cuestiones clave de justicia tributaria, incluyendo los beneficios potenciales de los impuestos (las cuatro \u2018R\u2019) y los diversos medios por los cuales los pa\u00edses se ven privados de rentas tributarias<\/li>\n<li>comprender c\u00f3mo se relacionan estas cuestiones tributarias con su organizaci\u00f3n, red o comunidad.<\/li>\n<\/ul>\n<p>Los pr\u00f3ximos pasos son para que ustedes piensen en su estrategia de incidencia en tributaci\u00f3n, incluyendo:<\/p>\n<ul>\n<li>identificar la cuesti\u00f3n tributaria que es pertinente a su organizaci\u00f3n<\/li>\n<li>llevar a cabo su an\u00e1lisis de problemas y soluciones<\/li>\n<li>identificar los actores claves en tributaci\u00f3n y sus destinatarios y aliados clave<\/li>\n<li>fijar sus metas y objetivos<\/li>\n<li>elaborar indicadores para medir su progreso<\/li>\n<li>desarrollar mensajes sobre tributaci\u00f3n para sus diferentes audiencias.<\/li>\n<\/ul>\n<p>El Cap\u00edtulo 2 proporciona orientaci\u00f3n sobre esto.<\/p>\n<\/div>\n<footer><\/footer>\n<\/div>\n<\/div>\n","protected":false},"excerpt":{"rendered":"<p>Esta p\u00e1gina ofrece una sugerencia para facilitar una discusi\u00f3n grupal sobre los principales temas planteados en este cap\u00edtulo. Ejercicio 1: \u00bfPor qu\u00e9 preocuparse por los impuestos? Preparaci\u00f3n de argumentos para su organizaci\u00f3n. Prop\u00f3sito:Establecer por qu\u00e9 los impuestos son pertinentes para el trabajo de diferentes organizaciones, redes y comunidades. Ejercicio de discusi\u00f3n en grupos: Compartan los [&hellip;]<\/p>\n","protected":false},"author":9,"featured_media":0,"parent":41,"menu_order":3,"comment_status":"closed","ping_status":"closed","template":"","meta":{"ocean_post_layout":"left-sidebar","ocean_both_sidebars_style":"","ocean_both_sidebars_content_width":0,"ocean_both_sidebars_sidebars_width":0,"ocean_sidebar":"ocs-chapter-1","ocean_second_sidebar":"0","ocean_disable_margins":"enable","ocean_add_body_class":"chapter-1-blue","ocean_shortcode_before_top_bar":"","ocean_shortcode_after_top_bar":"","ocean_shortcode_before_header":"","ocean_shortcode_after_header":"","ocean_has_shortcode":"","ocean_shortcode_after_title":"","ocean_shortcode_before_footer_widgets":" ","ocean_shortcode_after_footer_widgets":"","ocean_shortcode_before_footer_bottom":"","ocean_shortcode_after_footer_bottom":"","ocean_display_top_bar":"default","ocean_display_header":"default","ocean_header_style":"","ocean_center_header_left_menu":"0","ocean_custom_header_template":"0","ocean_custom_logo":0,"ocean_custom_retina_logo":0,"ocean_custom_logo_max_width":0,"ocean_custom_logo_tablet_max_width":0,"ocean_custom_logo_mobile_max_width":0,"ocean_custom_logo_max_height":0,"ocean_custom_logo_tablet_max_height":0,"ocean_custom_logo_mobile_max_height":0,"ocean_header_custom_menu":"0","ocean_menu_typo_font_family":"0","ocean_menu_typo_font_subset":"","ocean_menu_typo_font_size":0,"ocean_menu_typo_font_size_tablet":0,"ocean_menu_typo_font_size_mobile":0,"ocean_menu_typo_font_size_unit":"px","ocean_menu_typo_font_weight":"","ocean_menu_typo_font_weight_tablet":"","ocean_menu_typo_font_weight_mobile":"","ocean_menu_typo_transform":"","ocean_menu_typo_transform_tablet":"","ocean_menu_typo_transform_mobile":"","ocean_menu_typo_line_height":0,"ocean_menu_typo_line_height_tablet":0,"ocean_menu_typo_line_height_mobile":0,"ocean_menu_typo_line_height_unit":"","ocean_menu_typo_spacing":0,"ocean_menu_typo_spacing_tablet":0,"ocean_menu_typo_spacing_mobile":0,"ocean_menu_typo_spacing_unit":"","ocean_menu_link_color":"","ocean_menu_link_color_hover":"","ocean_menu_link_color_active":"","ocean_menu_link_background":"","ocean_menu_link_hover_background":"","ocean_menu_link_active_background":"","ocean_menu_social_links_bg":"","ocean_menu_social_hover_links_bg":"","ocean_menu_social_links_color":"","ocean_menu_social_hover_links_color":"","ocean_disable_title":"default","ocean_disable_heading":"default","ocean_post_title":"","ocean_post_subheading":"","ocean_post_title_style":"solid-color","ocean_post_title_background_color":"#1b6b87","ocean_post_title_background":0,"ocean_post_title_bg_image_position":"","ocean_post_title_bg_image_attachment":"","ocean_post_title_bg_image_repeat":"","ocean_post_title_bg_image_size":"","ocean_post_title_height":0,"ocean_post_title_bg_overlay":0.5,"ocean_post_title_bg_overlay_color":"","ocean_disable_breadcrumbs":"default","ocean_breadcrumbs_color":"","ocean_breadcrumbs_separator_color":"","ocean_breadcrumbs_links_color":"","ocean_breadcrumbs_links_hover_color":"","ocean_display_footer_widgets":"default","ocean_display_footer_bottom":"default","ocean_custom_footer_template":"0","_themeisle_gutenberg_block_has_review":false,"footnotes":""},"_links":{"self":[{"href":"https:\/\/taxjusticetoolkit.org\/es\/wp-json\/wp\/v2\/pages\/175"}],"collection":[{"href":"https:\/\/taxjusticetoolkit.org\/es\/wp-json\/wp\/v2\/pages"}],"about":[{"href":"https:\/\/taxjusticetoolkit.org\/es\/wp-json\/wp\/v2\/types\/page"}],"author":[{"embeddable":true,"href":"https:\/\/taxjusticetoolkit.org\/es\/wp-json\/wp\/v2\/users\/9"}],"replies":[{"embeddable":true,"href":"https:\/\/taxjusticetoolkit.org\/es\/wp-json\/wp\/v2\/comments?post=175"}],"version-history":[{"count":1,"href":"https:\/\/taxjusticetoolkit.org\/es\/wp-json\/wp\/v2\/pages\/175\/revisions"}],"predecessor-version":[{"id":2084,"href":"https:\/\/taxjusticetoolkit.org\/es\/wp-json\/wp\/v2\/pages\/175\/revisions\/2084"}],"up":[{"embeddable":true,"href":"https:\/\/taxjusticetoolkit.org\/es\/wp-json\/wp\/v2\/pages\/41"}],"wp:attachment":[{"href":"https:\/\/taxjusticetoolkit.org\/es\/wp-json\/wp\/v2\/media?parent=175"}],"curies":[{"name":"wp","href":"https:\/\/api.w.org\/{rel}","templated":true}]}}