{"id":1658,"date":"2021-09-03T16:09:02","date_gmt":"2021-09-03T14:09:02","guid":{"rendered":"https:\/\/taxjusticetoolkit.org\/?page_id=1658"},"modified":"2022-02-10T17:08:52","modified_gmt":"2022-02-10T16:08:52","slug":"aviso-legal","status":"publish","type":"page","link":"https:\/\/taxjusticetoolkit.org\/es\/aviso-legal\/","title":{"rendered":"Aviso legal"},"content":{"rendered":"<div class=\"entry-content\">\n<p>Este sitio web es propiedad de SOMO. Al hacer uso de nuestro sitio web, usted declara expl\u00edcitamente que acepta las siguientes condiciones generales:<\/p>\n<h3>Derechos de propiedad intelectual<\/h3>\n<p>El contenido textual de este sitio (incluidas las publicaciones) se pone a disposici\u00f3n bajo una licencia Creative Commons, excepto los art\u00edculos y el contenido relacionado de o atribuido a autores distintos de SOMO o una de sus redes. Nuestro contenido puede ser utilizado libremente como tal para fines no comerciales, a condici\u00f3n de que SOMO sea identificado como el autor original. Sin embargo, no se puede derivar ning\u00fan derecho del contenido de estos textos.<\/p>\n<p><a href=\"https:\/\/creativecommons.org\/licenses\/by-nc-sa\/3.0\/nl\/deed.en\" target=\"_blank\" rel=\"noopener\"><img loading=\"lazy\" decoding=\"async\" class=\"alignleft wp-image-14868\" src=\"https:\/\/www.somo.nl\/wp-content\/uploads\/2016\/08\/cc.jpeg\" alt=\"Creative Commons\" width=\"85\" height=\"28\" \/><\/a><\/p>\n<p>&nbsp;<\/p>\n<p>Consulte nuestra <a href=\"https:\/\/creativecommons.org\/licenses\/by-nc-nd\/4.0\/deed.en\">Licencia Creative Commons<\/a> para conocer las condiciones para los usuarios y el acuerdo legal que le es aplicable. Si desea utilizar nuestro contenido de una forma no permitida por nuestra Licencia Creative Commons, o si desea utilizar una imagen de nuestro sitio web, p\u00f3ngase en <a href=\"https:\/\/www.somo.nl\/contact\/\">contacto con nosotros<\/a>.<br \/>\nSi un art\u00edculo o una publicaci\u00f3n de nuestro sitio web no procede de SOMO, aseg\u00farese de comprobar los derechos de autor en el sitio de origen de dicho art\u00edculo.<\/p>\n<h3>Limitaci\u00f3n de la responsabilidad<\/h3>\n<p>SOMO tiene como objetivo lograr una informaci\u00f3n actual y fiable en su sitio web. A pesar de la gran atenci\u00f3n que ponemos en los textos y publicaciones de este sitio, no podemos garantizar que la informaci\u00f3n sea siempre correcta o completa. Si la informaci\u00f3n proporcionada contiene inexactitudes o si cierta informaci\u00f3n no est\u00e1 disponible en el sitio o a trav\u00e9s de \u00e9l, SOMO har\u00e1 todo lo posible para rectificarla lo antes posible.<\/p>\n<p>Sin embargo, SOMO no se hace responsable de los da\u00f1os directos o indirectos que se produzcan como consecuencia de la informaci\u00f3n contenida en este sitio. Le rogamos que comunique a SOMO cualquier inexactitud o informaci\u00f3n incompleta: El contenido de este sitio puede ser modificado, cambiado o complementado en cualquier momento sin notificaci\u00f3n o anuncio.<\/p>\n<p>SOMO no garantiza el buen funcionamiento del sitio web (incluidos los enlaces) y no se hace responsable en modo alguno del mal funcionamiento o de la indisponibilidad temporal del sitio web, ni de cualquier forma de p\u00e9rdida, directa o indirecta, que pueda derivarse del acceso o de la utilizaci\u00f3n del sitio web, incluidas todas las p\u00e9rdidas, interrupciones de trabajo, da\u00f1os a los programas u otros datos del sistema inform\u00e1tico, al equipo, al software o a otros bienes del usuario.<\/p>\n<h3>C\u00f3digo de conducta y procedimiento de reclamaci\u00f3n<\/h3>\n<p>Para conocer las directrices de SOMO que se aplican a la realizaci\u00f3n de investigaciones y las normas que sirven de punto de partida para las investigaciones realizadas y encargadas por SOMO, consulte nuestro <a href=\"https:\/\/www.somo.nl\/the-way-we-work\/\">C\u00f3digo de Conducta<\/a>. Si desea presentar una queja relacionada con el trabajo de SOMO, <a href=\"https:\/\/www.somo.nl\/_page\/complaint-form\/\">puede hacerlo aqu\u00ed<\/a>, de acuerdo con el procedimiento descrito en el c\u00f3digo de conducta.<\/p>\n<p>&nbsp;<\/p>\n<\/div>\n","protected":false},"excerpt":{"rendered":"<p>Este sitio web es propiedad de SOMO. Al hacer uso de nuestro sitio web, usted declara expl\u00edcitamente que acepta las siguientes condiciones generales: Derechos de propiedad intelectual El contenido textual de este sitio (incluidas las publicaciones) se pone a disposici\u00f3n bajo una licencia Creative Commons, excepto los art\u00edculos y el contenido relacionado de o atribuido [&hellip;]<\/p>\n","protected":false},"author":9,"featured_media":0,"parent":0,"menu_order":9,"comment_status":"closed","ping_status":"closed","template":"","meta":{"ocean_post_layout":"","ocean_both_sidebars_style":"","ocean_both_sidebars_content_width":0,"ocean_both_sidebars_sidebars_width":0,"ocean_sidebar":"","ocean_second_sidebar":"","ocean_disable_margins":"enable","ocean_add_body_class":"default-sand","ocean_shortcode_before_top_bar":"","ocean_shortcode_after_top_bar":"","ocean_shortcode_before_header":"","ocean_shortcode_after_header":"","ocean_has_shortcode":"","ocean_shortcode_after_title":"","ocean_shortcode_before_footer_widgets":" ","ocean_shortcode_after_footer_widgets":"","ocean_shortcode_before_footer_bottom":"","ocean_shortcode_after_footer_bottom":"","ocean_display_top_bar":"default","ocean_display_header":"default","ocean_header_style":"","ocean_center_header_left_menu":"","ocean_custom_header_template":"","ocean_custom_logo":0,"ocean_custom_retina_logo":0,"ocean_custom_logo_max_width":0,"ocean_custom_logo_tablet_max_width":0,"ocean_custom_logo_mobile_max_width":0,"ocean_custom_logo_max_height":0,"ocean_custom_logo_tablet_max_height":0,"ocean_custom_logo_mobile_max_height":0,"ocean_header_custom_menu":"","ocean_menu_typo_font_family":"","ocean_menu_typo_font_subset":"","ocean_menu_typo_font_size":0,"ocean_menu_typo_font_size_tablet":0,"ocean_menu_typo_font_size_mobile":0,"ocean_menu_typo_font_size_unit":"px","ocean_menu_typo_font_weight":"","ocean_menu_typo_font_weight_tablet":"","ocean_menu_typo_font_weight_mobile":"","ocean_menu_typo_transform":"","ocean_menu_typo_transform_tablet":"","ocean_menu_typo_transform_mobile":"","ocean_menu_typo_line_height":0,"ocean_menu_typo_line_height_tablet":0,"ocean_menu_typo_line_height_mobile":0,"ocean_menu_typo_line_height_unit":"","ocean_menu_typo_spacing":0,"ocean_menu_typo_spacing_tablet":0,"ocean_menu_typo_spacing_mobile":0,"ocean_menu_typo_spacing_unit":"","ocean_menu_link_color":"","ocean_menu_link_color_hover":"","ocean_menu_link_color_active":"","ocean_menu_link_background":"","ocean_menu_link_hover_background":"","ocean_menu_link_active_background":"","ocean_menu_social_links_bg":"","ocean_menu_social_hover_links_bg":"","ocean_menu_social_links_color":"","ocean_menu_social_hover_links_color":"","ocean_disable_title":"default","ocean_disable_heading":"default","ocean_post_title":"","ocean_post_subheading":"","ocean_post_title_style":"solid-color","ocean_post_title_background_color":"#655e3d","ocean_post_title_background":0,"ocean_post_title_bg_image_position":"","ocean_post_title_bg_image_attachment":"","ocean_post_title_bg_image_repeat":"","ocean_post_title_bg_image_size":"","ocean_post_title_height":0,"ocean_post_title_bg_overlay":0.5,"ocean_post_title_bg_overlay_color":"","ocean_disable_breadcrumbs":"default","ocean_breadcrumbs_color":"","ocean_breadcrumbs_separator_color":"","ocean_breadcrumbs_links_color":"","ocean_breadcrumbs_links_hover_color":"","ocean_display_footer_widgets":"default","ocean_display_footer_bottom":"default","ocean_custom_footer_template":"","_themeisle_gutenberg_block_has_review":false,"footnotes":""},"_links":{"self":[{"href":"https:\/\/taxjusticetoolkit.org\/es\/wp-json\/wp\/v2\/pages\/1658"}],"collection":[{"href":"https:\/\/taxjusticetoolkit.org\/es\/wp-json\/wp\/v2\/pages"}],"about":[{"href":"https:\/\/taxjusticetoolkit.org\/es\/wp-json\/wp\/v2\/types\/page"}],"author":[{"embeddable":true,"href":"https:\/\/taxjusticetoolkit.org\/es\/wp-json\/wp\/v2\/users\/9"}],"replies":[{"embeddable":true,"href":"https:\/\/taxjusticetoolkit.org\/es\/wp-json\/wp\/v2\/comments?post=1658"}],"version-history":[{"count":1,"href":"https:\/\/taxjusticetoolkit.org\/es\/wp-json\/wp\/v2\/pages\/1658\/revisions"}],"predecessor-version":[{"id":1659,"href":"https:\/\/taxjusticetoolkit.org\/es\/wp-json\/wp\/v2\/pages\/1658\/revisions\/1659"}],"wp:attachment":[{"href":"https:\/\/taxjusticetoolkit.org\/es\/wp-json\/wp\/v2\/media?parent=1658"}],"curies":[{"name":"wp","href":"https:\/\/api.w.org\/{rel}","templated":true}]}}