{"id":1654,"date":"2021-09-03T16:03:05","date_gmt":"2021-09-03T14:03:05","guid":{"rendered":"https:\/\/taxjusticetoolkit.org\/?page_id=1654"},"modified":"2022-02-10T17:08:53","modified_gmt":"2022-02-10T16:08:53","slug":"privacidad","status":"publish","type":"page","link":"https:\/\/taxjusticetoolkit.org\/es\/privacidad\/","title":{"rendered":"Privacidad"},"content":{"rendered":"<p>En SOMO, valoramos su privacidad. En esta declaraci\u00f3n de privacidad, puede leer qu\u00e9 informaci\u00f3n personal recoge SOMO cuando visita nuestro sitio web, c\u00f3mo utilizamos esa informaci\u00f3n y qu\u00e9 puede hacer si tiene una pregunta o una queja sobre la forma en que obtenemos o utilizamos su informaci\u00f3n personal.<\/p>\n<h2>1.\u00a0\u00a0\u00a0\u00a0\u00a0\u00a0\u00a0\u00a0 <strong>\u00bfQu\u00e9 informaci\u00f3n personal recogemos?<\/strong><\/h2>\n<p>Cuando usted visita este sitio web, SOMO puede recoger informaci\u00f3n personal sobre usted:<\/p>\n<ul>\n<li>Informaci\u00f3n sobre c\u00f3mo utiliza el sitio web (por ejemplo, las p\u00e1ginas que visita, el tipo de navegador y el sistema operativo que utiliza);<\/li>\n<li>Informaci\u00f3n que usted proporciona al registrarse en uno de nuestros boletines o eventos (por ejemplo, su nombre y direcci\u00f3n de correo electr\u00f3nico);<\/li>\n<li>Informaci\u00f3n que usted proporciona al hacer una donaci\u00f3n a SOMO (por ejemplo, su nombre, direcci\u00f3n de correo electr\u00f3nico y detalles de pago);<\/li>\n<li>Informaci\u00f3n que usted proporciona al rellenar el formulario de contacto del sitio web (como su nombre, direcci\u00f3n de correo electr\u00f3nico y n\u00famero de tel\u00e9fono).<\/li>\n<\/ul>\n<h2>2.\u00a0\u00a0\u00a0\u00a0\u00a0\u00a0\u00a0\u00a0 <strong>\u00bfQu\u00e9 hace SOMO con su informaci\u00f3n?<\/strong><\/h2>\n<p>SOMO puede utilizar su informaci\u00f3n personal para:<\/p>\n<ul>\n<li>Administrar su sitio web;<\/li>\n<li>Permitirle acceder y utilizar los servicios de su sitio web;<\/li>\n<li>Enviarle el o los boletines a los que se ha suscrito;<\/li>\n<li>Confirme y haga un seguimiento de su donaci\u00f3n o solicitud de contacto.<\/li>\n<\/ul>\n<p>En el caso de que necesitemos revelar su informaci\u00f3n personal a nuestros agentes o subcontratistas para estos fines (por ejemplo, a un desarrollador web), el agente o subcontratista en cuesti\u00f3n estar\u00e1 obligado a utilizar esa informaci\u00f3n personal de acuerdo con los t\u00e9rminos de esta Declaraci\u00f3n de Privacidad.<\/p>\n<p>SOMO no revelar\u00e1 su informaci\u00f3n personal a otras partes, excepto en el improbable caso de que estemos legalmente obligados a hacerlo.<\/p>\n<h2>3.\u00a0\u00a0\u00a0\u00a0\u00a0\u00a0\u00a0\u00a0 <strong>Cookies<\/strong><\/h2>\n<p>El sitio web de SOMO, como la mayor\u00eda de los sitios web, utiliza peque\u00f1os archivos de texto llamados cookies.\u00a0 Una cookie es un peque\u00f1o elemento de datos que nuestro sitio web puede enviar a su navegador, y que puede quedar almacenado en su ordenador o dispositivo m\u00f3vil. Si desea restringir o bloquear las cookies, puede configurar su navegador de Internet para hacerlo. Para m\u00e1s informaci\u00f3n, visite: www.aboutcookies.org.<\/p>\n<p>A continuaci\u00f3n puede encontrar una lista de las cookies que utilizamos. Las hemos enumerado aqu\u00ed para que pueda elegir si desea excluir las cookies o no.<\/p>\n<h4><strong>a) Cookies establecidas por el CMS de nuestro sitio web<\/strong><\/h4>\n<table width=\"781\">\n<tbody>\n<tr>\n<td width=\"19%\"><em>Cookie<\/em><\/td>\n<td width=\"80%\"><em>Objetivo \/ M\u00e1s informaci\u00f3n<\/em><\/td>\n<\/tr>\n<tr>\n<td width=\"19%\">WordPress<\/td>\n<td width=\"80%\">La cookie es generada por WordPress (el CMS de nuestro sitio web) para almacenar su preferencia de idioma.<\/td>\n<\/tr>\n<\/tbody>\n<\/table>\n<h4>b) Cookies de origen establecidas por nuestro sitio web<\/h4>\n<table width=\"781\">\n<tbody>\n<tr>\n<td width=\"19%\"><em>Cookie<\/em><\/td>\n<td width=\"80%\"><em>Objetivo \/ M\u00e1s informaci\u00f3n<\/em><\/td>\n<td width=\"0\"><\/td>\n<\/tr>\n<tr>\n<td rowspan=\"2\" width=\"19%\">Matomo<\/td>\n<td rowspan=\"2\" width=\"80%\">SOMO utiliza <a href=\"https:\/\/matomo.org\/\">Matomo Analytics <\/a>dentro de su sitio web para que podamos controlar y aprender de la actividad en nuestro sitio web. Las cookies de Matomo recogen informaci\u00f3n est\u00e1ndar de registro de Internet e informaci\u00f3n sobre el comportamiento de los visitantes de forma an\u00f3nima. No se puede optar por ello:<\/p>\n<p>No se le est\u00e1 rastreando ya que su navegador informa de que no lo desea. Se trata de una configuraci\u00f3n de su navegador, por lo que no podr\u00e1 optar por ello hasta que desactive la funci\u00f3n \u00abDo Not Track\u00bb.<\/td>\n<td width=\"0\"><\/td>\n<\/tr>\n<tr>\n<td width=\"0\"><\/td>\n<\/tr>\n<\/tbody>\n<\/table>\n<h4>c) Cookies de terceros establecidas por nuestro sitio web<\/h4>\n<table width=\"781\">\n<tbody>\n<tr>\n<td width=\"155\"><em>Cookie<\/em><\/td>\n<td width=\"626\"><em>Objetivo \/ M\u00e1s informaci\u00f3n<\/em><\/td>\n<\/tr>\n<tr>\n<td width=\"155\">Vimeo<\/td>\n<td width=\"626\">A veces incrustamos v\u00eddeos de Vimeo. El uso de cookies por parte de Vimeo se rige por <a href=\"https:\/\/vimeo.com\/privacy\">su pol\u00edtica de privacidad<\/a>.<\/td>\n<\/tr>\n<tr>\n<td width=\"155\">YouTube<\/td>\n<td width=\"626\">En nuestros sitios web, a veces incrustamos v\u00eddeos de YouTube. El uso de cookies de YouTube se rige por <a href=\"https:\/\/www.google.co.uk\/intl\/en\/policies\/privacy\/\">la pol\u00edtica de privacidad de Google<\/a>.<\/td>\n<\/tr>\n<\/tbody>\n<\/table>\n<p>&nbsp;<\/p>\n<h2>4.\u00a0\u00a0\u00a0\u00a0\u00a0\u00a0\u00a0\u00a0 <strong>Servicios de terceros<\/strong><\/h2>\n<p>En general, los servicios de terceros que utilizamos (por ejemplo, los sitios web de alojamiento de v\u00eddeos) s\u00f3lo recopilar\u00e1n, utilizar\u00e1n y divulgar\u00e1n su informaci\u00f3n en la medida necesaria para permitirles prestar los servicios que nos proporcionan.<\/p>\n<p>Sin embargo, algunos proveedores de servicios de terceros, como los servicios de intercambio, las pasarelas de pago y otros procesadores de transacciones de pago, tienen sus propias pol\u00edticas de privacidad que rigen la informaci\u00f3n que usted proporciona cuando utiliza sus servicios. En el caso de estos proveedores, le recomendamos que lea sus pol\u00edticas de privacidad, para que pueda entender la forma en que su informaci\u00f3n personal ser\u00e1 tratada por ellos.<\/p>\n<p>Una vez que abandone nuestro sitio web o sea redirigido a un sitio web o aplicaci\u00f3n de terceros, dejar\u00e1 de regirse por esta Declaraci\u00f3n de Privacidad.<\/p>\n<h2>5.\u00a0\u00a0\u00a0\u00a0\u00a0\u00a0\u00a0\u00a0 <strong>\u00bfC\u00f3mo obtenemos su consentimiento?<\/strong><\/h2>\n<p>Si acepta las cookies en nuestros sitios web, nos proporciona informaci\u00f3n personal para registrarse en un bolet\u00edn de noticias, hacer una donaci\u00f3n o enviar una solicitud de contacto, implicamos que da su consentimiento para que recopilemos su informaci\u00f3n personal y la utilicemos \u00fanicamente por ese motivo espec\u00edfico.<\/p>\n<p>Si solicitamos su informaci\u00f3n personal por un motivo secundario, como el marketing, le pediremos directamente su consentimiento expreso o le daremos la oportunidad de decir que no.<\/p>\n<h2>6.\u00a0\u00a0\u00a0\u00a0\u00a0\u00a0\u00a0\u00a0 <strong>\u00bfC\u00f3mo puede retirar su consentimiento?<\/strong><\/h2>\n<p>Si cambia de opini\u00f3n despu\u00e9s de haber optado por el registro o haber enviado informaci\u00f3n personal, puede retirar su consentimiento en cualquier momento, <a href=\"https:\/\/www.somo.nl\/contact\/\">poni\u00e9ndose en contacto con nosotros <\/a>o enviando una carta a SOMO, Sarphatistraat 30, 1018 GL Amsterdam, Pa\u00edses Bajos.<\/p>\n<h2>7.\u00a0\u00a0\u00a0\u00a0\u00a0\u00a0\u00a0\u00a0 <strong>Proteger sus datos<\/strong><\/h2>\n<p>SOMO tomar\u00e1 las precauciones t\u00e9cnicas y organizativas adecuadas para evitar la p\u00e9rdida, el uso indebido o la alteraci\u00f3n de su informaci\u00f3n personal. SOMO almacenar\u00e1 la informaci\u00f3n personal que usted proporcione en sus servidores seguros. Utilizamos un software de servidor seguro (SSL) para asegurar las transacciones de donaci\u00f3n. Este software encripta toda su informaci\u00f3n personal, incluidos los datos bancarios, el n\u00famero de la tarjeta de cr\u00e9dito, el nombre y la direcci\u00f3n, para que no pueda ser le\u00edda mientras la informaci\u00f3n viaja por Internet.<\/p>\n<h2>8.\u00a0\u00a0\u00a0\u00a0\u00a0\u00a0\u00a0\u00a0 <strong>Actualizaci\u00f3n de esta declaraci\u00f3n<\/strong><\/h2>\n<p>SOMO puede actualizar esta Declaraci\u00f3n de Privacidad publicando una nueva versi\u00f3n en este sitio web.\u00a0 Debe consultar esta p\u00e1gina de vez en cuando para asegurarse de que est\u00e1 familiarizado con cualquier cambio.<\/p>\n<h2>9.\u00a0\u00a0\u00a0\u00a0\u00a0\u00a0\u00a0\u00a0 <strong>Otros sitios web<\/strong><\/h2>\n<p>Al hacer clic en los enlaces de nuestro sitio web, es posible que le dirijan fuera de \u00e9l. No somos responsables de las pol\u00edticas y pr\u00e1cticas de privacidad de otros sitios y le recomendamos que lea sus declaraciones de privacidad. Adem\u00e1s, la inclusi\u00f3n de un enlace a otro sitio no implica la aprobaci\u00f3n de las pol\u00edticas de privacidad, las pr\u00e1cticas o el contenido de ese sitio.<\/p>\n<h2>10.\u00a0\u00a0\u00a0\u00a0\u00a0 <strong>C\u00f3mo contactar con SOMO<\/strong><\/h2>\n<p>Si t\u00fa:<\/p>\n<ul>\n<li>tiene alguna pregunta sobre esta Declaraci\u00f3n de Privacidad o sobre el tratamiento de sus datos personales por parte de SOMO;<\/li>\n<li>desea acceder, corregir, modificar o eliminar cualquier informaci\u00f3n personal que tengamos sobre usted;<\/li>\n<li>desea registrar una queja,<\/li>\n<\/ul>\n<p>por favor:<\/p>\n<ul>\n<li><a href=\"https:\/\/www.somo.nl\/contact\/\">p\u00f3ngase en contacto con nosotros<\/a>; o<\/li>\n<li>env\u00ede una carta a SOMO, KNSM-laan 17, 1019 LA Amsterdam, Pa\u00edses Bajos.<\/li>\n<\/ul>\n<p><em>Cr\u00e9dito &#8211; Esta declaraci\u00f3n se basa en parte en una plantilla de Contractology, disponible <\/em><a href=\"http:\/\/www.freenetlaw.com\">aqu\u00ed<\/a><em>.<\/em><\/p>\n","protected":false},"excerpt":{"rendered":"<p>En SOMO, valoramos su privacidad. En esta declaraci\u00f3n de privacidad, puede leer qu\u00e9 informaci\u00f3n personal recoge SOMO cuando visita nuestro sitio web, c\u00f3mo utilizamos esa informaci\u00f3n y qu\u00e9 puede hacer si tiene una pregunta o una queja sobre la forma en que obtenemos o utilizamos su informaci\u00f3n personal. 1.\u00a0\u00a0\u00a0\u00a0\u00a0\u00a0\u00a0\u00a0 \u00bfQu\u00e9 informaci\u00f3n personal recogemos? Cuando usted [&hellip;]<\/p>\n","protected":false},"author":9,"featured_media":0,"parent":0,"menu_order":10,"comment_status":"closed","ping_status":"closed","template":"","meta":{"ocean_post_layout":"","ocean_both_sidebars_style":"","ocean_both_sidebars_content_width":0,"ocean_both_sidebars_sidebars_width":0,"ocean_sidebar":"","ocean_second_sidebar":"","ocean_disable_margins":"enable","ocean_add_body_class":"default-sand","ocean_shortcode_before_top_bar":"","ocean_shortcode_after_top_bar":"","ocean_shortcode_before_header":"","ocean_shortcode_after_header":"","ocean_has_shortcode":"","ocean_shortcode_after_title":"","ocean_shortcode_before_footer_widgets":" ","ocean_shortcode_after_footer_widgets":"","ocean_shortcode_before_footer_bottom":"","ocean_shortcode_after_footer_bottom":"","ocean_display_top_bar":"default","ocean_display_header":"default","ocean_header_style":"","ocean_center_header_left_menu":"","ocean_custom_header_template":"","ocean_custom_logo":0,"ocean_custom_retina_logo":0,"ocean_custom_logo_max_width":0,"ocean_custom_logo_tablet_max_width":0,"ocean_custom_logo_mobile_max_width":0,"ocean_custom_logo_max_height":0,"ocean_custom_logo_tablet_max_height":0,"ocean_custom_logo_mobile_max_height":0,"ocean_header_custom_menu":"","ocean_menu_typo_font_family":"","ocean_menu_typo_font_subset":"","ocean_menu_typo_font_size":0,"ocean_menu_typo_font_size_tablet":0,"ocean_menu_typo_font_size_mobile":0,"ocean_menu_typo_font_size_unit":"px","ocean_menu_typo_font_weight":"","ocean_menu_typo_font_weight_tablet":"","ocean_menu_typo_font_weight_mobile":"","ocean_menu_typo_transform":"","ocean_menu_typo_transform_tablet":"","ocean_menu_typo_transform_mobile":"","ocean_menu_typo_line_height":0,"ocean_menu_typo_line_height_tablet":0,"ocean_menu_typo_line_height_mobile":0,"ocean_menu_typo_line_height_unit":"","ocean_menu_typo_spacing":0,"ocean_menu_typo_spacing_tablet":0,"ocean_menu_typo_spacing_mobile":0,"ocean_menu_typo_spacing_unit":"","ocean_menu_link_color":"","ocean_menu_link_color_hover":"","ocean_menu_link_color_active":"","ocean_menu_link_background":"","ocean_menu_link_hover_background":"","ocean_menu_link_active_background":"","ocean_menu_social_links_bg":"","ocean_menu_social_hover_links_bg":"","ocean_menu_social_links_color":"","ocean_menu_social_hover_links_color":"","ocean_disable_title":"default","ocean_disable_heading":"default","ocean_post_title":"","ocean_post_subheading":"","ocean_post_title_style":"solid-color","ocean_post_title_background_color":"#655e3d","ocean_post_title_background":0,"ocean_post_title_bg_image_position":"","ocean_post_title_bg_image_attachment":"","ocean_post_title_bg_image_repeat":"","ocean_post_title_bg_image_size":"","ocean_post_title_height":0,"ocean_post_title_bg_overlay":0.5,"ocean_post_title_bg_overlay_color":"","ocean_disable_breadcrumbs":"default","ocean_breadcrumbs_color":"","ocean_breadcrumbs_separator_color":"","ocean_breadcrumbs_links_color":"","ocean_breadcrumbs_links_hover_color":"","ocean_display_footer_widgets":"default","ocean_display_footer_bottom":"default","ocean_custom_footer_template":"","_themeisle_gutenberg_block_has_review":false,"footnotes":""},"_links":{"self":[{"href":"https:\/\/taxjusticetoolkit.org\/es\/wp-json\/wp\/v2\/pages\/1654"}],"collection":[{"href":"https:\/\/taxjusticetoolkit.org\/es\/wp-json\/wp\/v2\/pages"}],"about":[{"href":"https:\/\/taxjusticetoolkit.org\/es\/wp-json\/wp\/v2\/types\/page"}],"author":[{"embeddable":true,"href":"https:\/\/taxjusticetoolkit.org\/es\/wp-json\/wp\/v2\/users\/9"}],"replies":[{"embeddable":true,"href":"https:\/\/taxjusticetoolkit.org\/es\/wp-json\/wp\/v2\/comments?post=1654"}],"version-history":[{"count":1,"href":"https:\/\/taxjusticetoolkit.org\/es\/wp-json\/wp\/v2\/pages\/1654\/revisions"}],"predecessor-version":[{"id":1655,"href":"https:\/\/taxjusticetoolkit.org\/es\/wp-json\/wp\/v2\/pages\/1654\/revisions\/1655"}],"wp:attachment":[{"href":"https:\/\/taxjusticetoolkit.org\/es\/wp-json\/wp\/v2\/media?parent=1654"}],"curies":[{"name":"wp","href":"https:\/\/api.w.org\/{rel}","templated":true}]}}