{"id":1291,"date":"2012-12-08T21:27:15","date_gmt":"2012-12-08T20:27:15","guid":{"rendered":"http:\/\/taxjustice.somo.nl\/?page_id=1291"},"modified":"2012-12-08T21:30:08","modified_gmt":"2012-12-08T20:30:08","slug":"la-investigacion-y-el-ciclo-de-la-incidencia-politica","status":"publish","type":"page","link":"https:\/\/taxjusticetoolkit.org\/es\/como-hacer-investigacion-tributaria\/la-investigacion-y-el-ciclo-de-la-incidencia-politica\/","title":{"rendered":"La investigaci\u00f3n y el ciclo de la incidencia pol\u00edtica"},"content":{"rendered":"<p>En el Cap\u00edtulo 2 presentamos un panorama general del ciclo de la incidencia: c\u00f3mo identificar problemas y\u00a0soluciones, c\u00f3mo mapear los actores claves y c\u00f3mo desarrollar una estrategia de incidencia. La\u00a0investigaci\u00f3n es una parte fundamental de este proceso. <\/p>\n<p>Argumentos robustos basados en evidencia, derivados de la recopilaci\u00f3n de datos y la investigaci\u00f3n, deben no s\u00f3lo apuntalar su estrategia de incidencia sino servir tambi\u00e9n para reforzarla. Al mismo tiempo, la\u00a0investigaci\u00f3n debe ser impulsada por la pr\u00e1ctica: los temas que ustedes investiguen deben surgir de los problemas que enfrentan en su trabajo de incidencia m\u00e1s amplio. <\/p>\n<p>Proponemos siete pasos para la planificaci\u00f3n y ejecuci\u00f3n de investigaci\u00f3n eficaz en tributaci\u00f3n para la incidencia: <\/p>\n<ul>\n<li><a href=\"investigacion-de-la-politica-tributaria-del-gobierno\/#c301\"><span class=\"ctext\">Paso 1:<\/span>Definir el problema y las preguntas de la investigaci\u00f3n<\/a> <\/li>\n<li><a href=\"investigacion-de-la-politica-tributaria-del-gobierno\/#c302\"><span class=\"ctext\">Paso 2:<\/span>Preparar la investigaci\u00f3n y decidir la metodolog\u00eda<\/a> <\/li>\n<li><a href=\"investigacion-de-la-politica-tributaria-del-gobierno\/#c303\"><span class=\"ctext\">Paso 3:<\/span>Planificar la investigaci\u00f3n <\/a> <\/li>\n<li><a href=\"investigacion-de-la-politica-tributaria-del-gobierno\/#c304\"><span class=\"ctext\">Paso 4:<\/span>Recoger y analizar datos<\/a> <\/li>\n<li><a href=\"investigacion-de-la-politica-tributaria-del-gobierno\/#c305\"><span class=\"ctext\">Paso 5:<\/span>Controlar la calidad de la investigaci\u00f3n (validaci\u00f3n)<\/a> <\/li>\n<li><a href=\"investigacion-de-la-politica-tributaria-del-gobierno\/#c306\"><span class=\"ctext\">Paso 6:<\/span>Elaborar informes, difundir y discutir<\/a> <\/li>\n<li><a href=\"investigacion-de-la-politica-tributaria-del-gobierno\/#c307\"><span class=\"ctext\">Paso 7:<\/span>Planificar el seguimiento<\/a> <\/li>\n<\/ul>\n<p>Este cap\u00edtulo se divide en dos secciones. Primero aplicaremos estos pasos para analizar la pol\u00edtica tributaria del gobierno. Luego aplicaremos el mismo enfoque a la comprensi\u00f3n de la contribuci\u00f3n tributaria de las empresas multinacionales.<\/p>\n","protected":false},"excerpt":{"rendered":"<p>En el Cap\u00edtulo 2 presentamos un panorama general del ciclo de la incidencia: c\u00f3mo identificar problemas y\u00a0soluciones, c\u00f3mo mapear los actores claves y c\u00f3mo desarrollar una estrategia de incidencia. La\u00a0investigaci\u00f3n es una parte fundamental de este proceso. Argumentos robustos basados en evidencia, derivados de la recopilaci\u00f3n de datos y la investigaci\u00f3n, deben no s\u00f3lo apuntalar [&hellip;]<\/p>\n","protected":false},"author":9,"featured_media":0,"parent":182,"menu_order":0,"comment_status":"closed","ping_status":"open","template":"","meta":{"ocean_post_layout":"both-sidebars","ocean_both_sidebars_style":"","ocean_both_sidebars_content_width":0,"ocean_both_sidebars_sidebars_width":0,"ocean_sidebar":"","ocean_second_sidebar":"ocs-chapter-3","ocean_disable_margins":"enable","ocean_add_body_class":"chapter-3-salmon","ocean_shortcode_before_top_bar":"","ocean_shortcode_after_top_bar":"","ocean_shortcode_before_header":"","ocean_shortcode_after_header":"","ocean_has_shortcode":"","ocean_shortcode_after_title":"","ocean_shortcode_before_footer_widgets":" ","ocean_shortcode_after_footer_widgets":"","ocean_shortcode_before_footer_bottom":"","ocean_shortcode_after_footer_bottom":"","ocean_display_top_bar":"default","ocean_display_header":"default","ocean_header_style":"","ocean_center_header_left_menu":"","ocean_custom_header_template":"","ocean_custom_logo":0,"ocean_custom_retina_logo":0,"ocean_custom_logo_max_width":0,"ocean_custom_logo_tablet_max_width":0,"ocean_custom_logo_mobile_max_width":0,"ocean_custom_logo_max_height":0,"ocean_custom_logo_tablet_max_height":0,"ocean_custom_logo_mobile_max_height":0,"ocean_header_custom_menu":"","ocean_menu_typo_font_family":"","ocean_menu_typo_font_subset":"","ocean_menu_typo_font_size":0,"ocean_menu_typo_font_size_tablet":0,"ocean_menu_typo_font_size_mobile":0,"ocean_menu_typo_font_size_unit":"px","ocean_menu_typo_font_weight":"","ocean_menu_typo_font_weight_tablet":"","ocean_menu_typo_font_weight_mobile":"","ocean_menu_typo_transform":"","ocean_menu_typo_transform_tablet":"","ocean_menu_typo_transform_mobile":"","ocean_menu_typo_line_height":0,"ocean_menu_typo_line_height_tablet":0,"ocean_menu_typo_line_height_mobile":0,"ocean_menu_typo_line_height_unit":"","ocean_menu_typo_spacing":0,"ocean_menu_typo_spacing_tablet":0,"ocean_menu_typo_spacing_mobile":0,"ocean_menu_typo_spacing_unit":"","ocean_menu_link_color":"","ocean_menu_link_color_hover":"","ocean_menu_link_color_active":"","ocean_menu_link_background":"","ocean_menu_link_hover_background":"","ocean_menu_link_active_background":"","ocean_menu_social_links_bg":"","ocean_menu_social_hover_links_bg":"","ocean_menu_social_links_color":"","ocean_menu_social_hover_links_color":"","ocean_disable_title":"default","ocean_disable_heading":"default","ocean_post_title":"","ocean_post_subheading":"","ocean_post_title_style":"solid-color","ocean_post_title_background_color":"#725a31","ocean_post_title_background":0,"ocean_post_title_bg_image_position":"","ocean_post_title_bg_image_attachment":"","ocean_post_title_bg_image_repeat":"","ocean_post_title_bg_image_size":"","ocean_post_title_height":0,"ocean_post_title_bg_overlay":0.5,"ocean_post_title_bg_overlay_color":"","ocean_disable_breadcrumbs":"default","ocean_breadcrumbs_color":"","ocean_breadcrumbs_separator_color":"","ocean_breadcrumbs_links_color":"","ocean_breadcrumbs_links_hover_color":"","ocean_display_footer_widgets":"default","ocean_display_footer_bottom":"default","ocean_custom_footer_template":"","_themeisle_gutenberg_block_has_review":false,"footnotes":""},"_links":{"self":[{"href":"https:\/\/taxjusticetoolkit.org\/es\/wp-json\/wp\/v2\/pages\/1291"}],"collection":[{"href":"https:\/\/taxjusticetoolkit.org\/es\/wp-json\/wp\/v2\/pages"}],"about":[{"href":"https:\/\/taxjusticetoolkit.org\/es\/wp-json\/wp\/v2\/types\/page"}],"author":[{"embeddable":true,"href":"https:\/\/taxjusticetoolkit.org\/es\/wp-json\/wp\/v2\/users\/9"}],"replies":[{"embeddable":true,"href":"https:\/\/taxjusticetoolkit.org\/es\/wp-json\/wp\/v2\/comments?post=1291"}],"version-history":[{"count":0,"href":"https:\/\/taxjusticetoolkit.org\/es\/wp-json\/wp\/v2\/pages\/1291\/revisions"}],"up":[{"embeddable":true,"href":"https:\/\/taxjusticetoolkit.org\/es\/wp-json\/wp\/v2\/pages\/182"}],"wp:attachment":[{"href":"https:\/\/taxjusticetoolkit.org\/es\/wp-json\/wp\/v2\/media?parent=1291"}],"curies":[{"name":"wp","href":"https:\/\/api.w.org\/{rel}","templated":true}]}}