{"id":1282,"date":"2012-12-08T21:09:57","date_gmt":"2012-12-08T20:09:57","guid":{"rendered":"http:\/\/taxjustice.somo.nl\/?page_id=1282"},"modified":"2012-12-08T21:09:57","modified_gmt":"2012-12-08T20:09:57","slug":"referencias","status":"publish","type":"page","link":"https:\/\/taxjusticetoolkit.org\/es\/como-ser-proactivos-en-los-temas-de-tributacion\/referencias\/","title":{"rendered":"Referencias"},"content":{"rendered":"<ol>\n<li>Con base en consejos de Politico (www.politico.com) citados en D Start y I Hovland, Tools for Policy Impact: A\u00a0Handbook for Researchers, ODI, 2004.\n<\/li>\n<li>G Gordon, Advocacy Toolkit: Practical Action in Advocacy, Tearfund, 2002.<\/li>\n<li>Adaptado de H Collinson \u2014 Advocacy training notes, 2007.<\/li>\n<li>Tomado de G Gordon, Advocacy Toolkit: Practical Action in\u00a0Advocacy, Tearfund, 2002.<\/li>\n<li>Adaptado de H Coulby, capacitaci\u00f3n de INTRAC.<\/li>\n<li>Tomado de H Collinson, Advocacy Training, 2010.<\/li>\n<li>Tomado de H Collinson y R MacLeod, Striking Oil: Blessing or Curse? Supporting Civil Society Advocacy to Ensure that the Benefits are Shared, INTRAC Praxis Note No. 52, apoyado por Publiquen Lo Que Pagan Noruega.<\/li>\n<li>Esta secci\u00f3n se basa en gran parte en CARE, Advocacy Tools and Guidelines \u2014Promoting Policy Change, January 2001; y WaterAid, The Advocacy Sourcebook, September 2007.<\/li>\n<li>BBC World Service Trust, Africa Media Development Initiative (AMDI), 2008.<\/li>\n<li>CARE, Advocacy Tools and Guidelines \u2014 Promoting Policy Change, January 2001.<\/li>\n<li>Adaptado de WaterAid, The Advocacy Sourcebook, 2007.<\/li>\n<li> Informaci\u00f3n proporcionada por el Centro Montalvo en\u00a0una\u00a0entrevista con Sophie Richmond, gerente de pa\u00eds de Christian Aid, Rep\u00fablica Dominicana, noviembre 2010.<\/li>\n<li>Adaptado de materiales de capacitaci\u00f3n medi\u00e1tica de\u00a0CTVC; y G Gordon, Advocacy Toolkit: Practical Action in Advocacy, Tearfund, 2002.<\/li>\n<li>Tomado de J Ellis, Campaigning for Success \u2014 How to Cope if you Reach your Campaign Goal, National Council for Voluntary Organisations (Reino Unido), 2007.<\/li>\n<li>Estudio de caso adaptado de informaci\u00f3n de la campa\u00f1a francesa contra para\u00edsos fiscales. <a href=\"http:\/\/www.stopparadisfiscaux.fr\" target=\"_blank\">www.stopparadisfiscaux.fr<\/a><\/li>\n<li>INESC, Reforma Tribut\u00e1ria Desmonta o Financiamiento das\u00a0Pol\u00edticas Sociais, Nota t\u00e9cnica, Brasil, 2009. Informaci\u00f3n adicional proporcionada por Evilasio Salvador en una entrevista telef\u00f3nica con Mariana Paoli, Departamento de Campa\u00f1as de Christian Aid, noviembre 2010.<\/li>\n<li>Formato basado en G Gordon, Advocacy Toolkit: Practical Action in Advocacy, Tearfund, 2002. Contenido compilado por los autores.<\/li>\n<li><a href=\"http:\/\/www.equator-principles.com\/\" target=\"_blank\">www.equator-principles.com<\/a><\/li>\n<li>La Gu\u00eda G3 puede descargarse de: <a href=\"http:\/\/www.globalreporting.org\" target=\"_blank\">www.globalreporting.org<\/a><\/li>\n<li><a href=\"http:\/\/oecdwatch.org\/\" target=\"_blank\">http:\/\/oecdwatch.org\/<\/a><\/li>\n<li><a href=\"http:\/\/www.publishwhatyoupay.org\" target=\"_blank\">www.publishwhatyoupay.org<\/a><\/li>\n<li><a href=\"http:\/\/www.revenuewatch.org\" target=\"_blank\">www.revenuewatch.org<\/a><\/li>\n<li>ActionAid, Calling Time: Why SABMiller Should Stop Dodging Taxes in Africa, 2010.<\/li>\n<li>H Collinson (capacitador en incidencia), IPPF Advocacy Workshop.<\/li>\n<\/ol>\n","protected":false},"excerpt":{"rendered":"<p>Con base en consejos de Politico (www.politico.com) citados en D Start y I Hovland, Tools for Policy Impact: A\u00a0Handbook for Researchers, ODI, 2004. G Gordon, Advocacy Toolkit: Practical Action in Advocacy, Tearfund, 2002. Adaptado de H Collinson \u2014 Advocacy training notes, 2007. Tomado de G Gordon, Advocacy Toolkit: Practical Action in\u00a0Advocacy, Tearfund, 2002. Adaptado de [&hellip;]<\/p>\n","protected":false},"author":9,"featured_media":0,"parent":180,"menu_order":8,"comment_status":"closed","ping_status":"closed","template":"","meta":{"ocean_post_layout":"left-sidebar","ocean_both_sidebars_style":"","ocean_both_sidebars_content_width":0,"ocean_both_sidebars_sidebars_width":0,"ocean_sidebar":"ocs-chapter-4","ocean_second_sidebar":"","ocean_disable_margins":"enable","ocean_add_body_class":"chapter-4-pink","ocean_shortcode_before_top_bar":"","ocean_shortcode_after_top_bar":"","ocean_shortcode_before_header":"","ocean_shortcode_after_header":"","ocean_has_shortcode":"","ocean_shortcode_after_title":"","ocean_shortcode_before_footer_widgets":" ","ocean_shortcode_after_footer_widgets":"","ocean_shortcode_before_footer_bottom":"","ocean_shortcode_after_footer_bottom":"","ocean_display_top_bar":"default","ocean_display_header":"default","ocean_header_style":"","ocean_center_header_left_menu":"","ocean_custom_header_template":"","ocean_custom_logo":0,"ocean_custom_retina_logo":0,"ocean_custom_logo_max_width":0,"ocean_custom_logo_tablet_max_width":0,"ocean_custom_logo_mobile_max_width":0,"ocean_custom_logo_max_height":0,"ocean_custom_logo_tablet_max_height":0,"ocean_custom_logo_mobile_max_height":0,"ocean_header_custom_menu":"","ocean_menu_typo_font_family":"","ocean_menu_typo_font_subset":"","ocean_menu_typo_font_size":0,"ocean_menu_typo_font_size_tablet":0,"ocean_menu_typo_font_size_mobile":0,"ocean_menu_typo_font_size_unit":"px","ocean_menu_typo_font_weight":"","ocean_menu_typo_font_weight_tablet":"","ocean_menu_typo_font_weight_mobile":"","ocean_menu_typo_transform":"","ocean_menu_typo_transform_tablet":"","ocean_menu_typo_transform_mobile":"","ocean_menu_typo_line_height":0,"ocean_menu_typo_line_height_tablet":0,"ocean_menu_typo_line_height_mobile":0,"ocean_menu_typo_line_height_unit":"","ocean_menu_typo_spacing":0,"ocean_menu_typo_spacing_tablet":0,"ocean_menu_typo_spacing_mobile":0,"ocean_menu_typo_spacing_unit":"","ocean_menu_link_color":"","ocean_menu_link_color_hover":"","ocean_menu_link_color_active":"","ocean_menu_link_background":"","ocean_menu_link_hover_background":"","ocean_menu_link_active_background":"","ocean_menu_social_links_bg":"","ocean_menu_social_hover_links_bg":"","ocean_menu_social_links_color":"","ocean_menu_social_hover_links_color":"","ocean_disable_title":"default","ocean_disable_heading":"default","ocean_post_title":"","ocean_post_subheading":"","ocean_post_title_style":"solid-color","ocean_post_title_background_color":"#84372d","ocean_post_title_background":0,"ocean_post_title_bg_image_position":"","ocean_post_title_bg_image_attachment":"","ocean_post_title_bg_image_repeat":"","ocean_post_title_bg_image_size":"","ocean_post_title_height":0,"ocean_post_title_bg_overlay":0.5,"ocean_post_title_bg_overlay_color":"","ocean_disable_breadcrumbs":"default","ocean_breadcrumbs_color":"","ocean_breadcrumbs_separator_color":"","ocean_breadcrumbs_links_color":"","ocean_breadcrumbs_links_hover_color":"","ocean_display_footer_widgets":"default","ocean_display_footer_bottom":"default","ocean_custom_footer_template":"","_themeisle_gutenberg_block_has_review":false,"footnotes":""},"_links":{"self":[{"href":"https:\/\/taxjusticetoolkit.org\/es\/wp-json\/wp\/v2\/pages\/1282"}],"collection":[{"href":"https:\/\/taxjusticetoolkit.org\/es\/wp-json\/wp\/v2\/pages"}],"about":[{"href":"https:\/\/taxjusticetoolkit.org\/es\/wp-json\/wp\/v2\/types\/page"}],"author":[{"embeddable":true,"href":"https:\/\/taxjusticetoolkit.org\/es\/wp-json\/wp\/v2\/users\/9"}],"replies":[{"embeddable":true,"href":"https:\/\/taxjusticetoolkit.org\/es\/wp-json\/wp\/v2\/comments?post=1282"}],"version-history":[{"count":0,"href":"https:\/\/taxjusticetoolkit.org\/es\/wp-json\/wp\/v2\/pages\/1282\/revisions"}],"up":[{"embeddable":true,"href":"https:\/\/taxjusticetoolkit.org\/es\/wp-json\/wp\/v2\/pages\/180"}],"wp:attachment":[{"href":"https:\/\/taxjusticetoolkit.org\/es\/wp-json\/wp\/v2\/media?parent=1282"}],"curies":[{"name":"wp","href":"https:\/\/api.w.org\/{rel}","templated":true}]}}