{"id":1258,"date":"2012-12-08T20:43:03","date_gmt":"2012-12-08T19:43:03","guid":{"rendered":"http:\/\/taxjustice.somo.nl\/?page_id=1258"},"modified":"2012-12-08T20:43:03","modified_gmt":"2012-12-08T19:43:03","slug":"desarrollo-de-redes-y-vinculos","status":"publish","type":"page","link":"https:\/\/taxjusticetoolkit.org\/es\/como-ser-proactivos-en-los-temas-de-tributacion\/desarrollo-de-redes-y-vinculos\/","title":{"rendered":"Desarrollo de redes y v\u00ednculos"},"content":{"rendered":"<p>Antes de lanzarse a sus actividades de incidencia en cuestiones tributarias, e incluso antes de desarrollar su estrategia de incidencia, ustedes habr\u00e1n pensado en sus aliados y en c\u00f3mo van a trabajar en\u00a0coaliciones.<\/p>\n<p>Vale la pena considerar las ventajas y desaf\u00edos que supone trabajar en redes, coaliciones y alianzas. En\u00a0el\u00a0mejor de los casos, \u00e9stas proporcionan un gran valor a\u00f1adido a su trabajo de incidencia al reunir las\u00a0fortalezas y recursos de diversos grupos para crear una fuerza m\u00e1s poderosa para el cambio. Son\u00a0una\u00a0herramienta importante para asegurar que el planteamiento sobre tributaci\u00f3n sea escuchado, fuerte y\u00a0claro, por sus audiencias destinatarias. Pero no carecen de desaf\u00edos. Desarrollarlas puede consumir tiempo y energ\u00eda porque implican construir relaciones de confianza entre la gente y mantener a\u00a0la gente constantemente informada y comprometida. Ustedes deben considerar si entrar en una alianza ayudar\u00e1 a lograr el \u00e9xito, o si algunos de sus aliados potenciales podr\u00edan ser m\u00e1s eficaces como actores\u00a0independientes.<\/p>\n<p>Aseg\u00farense de verificar qui\u00e9n m\u00e1s est\u00e1 trabajando ya en tributaci\u00f3n en su medio. \u00bfHay alianzas nacionales, regionales o mundiales \u00fatiles que ustedes puedan forjar o con las que puedan unir fuerzas? Al considerar con qui\u00e9nes pueden desear vincularse en una alianza, coalici\u00f3n o red para incidencia pol\u00edtica en tributaci\u00f3n, vale la pena pensar en las diferentes habilidades que cada organizaci\u00f3n puede aportar.<\/p>\n<p>Idealmente, ustedes necesitar\u00e1n una combinaci\u00f3n de aliados naturales y algunos aliados m\u00e1s \u2018inusuales\u2019 que puedan demostrar la amplitud del apoyo a la cuesti\u00f3n. Por ejemplo, en el caso de la tributaci\u00f3n puede ser extremadamente \u00fatil contar con algunas asociaciones profesionales o personas como abogados y\u00a0contadores. Igualmente, demostrar apoyo de los gremios empresariales puede fortalecer su caso.<\/p>\n<p>Se puede distinguir entre \u2018aliados estrat\u00e9gicos\u2019 (aquellos con los que tienen una lealtad m\u00e1s natural y\u00a0valores compartidos, con los que han trabajado en el pasado y probablemente lo har\u00e1n de nuevo) y\u00a0\u2018aliados t\u00e1cticos\u2019 (aquellos con los pueden aliarse en un aspecto particular de la cuesti\u00f3n o con los\u00a0cuales trabajar solamente en esta campa\u00f1a).<\/p>\n","protected":false},"excerpt":{"rendered":"<p>Antes de lanzarse a sus actividades de incidencia en cuestiones tributarias, e incluso antes de desarrollar su estrategia de incidencia, ustedes habr\u00e1n pensado en sus aliados y en c\u00f3mo van a trabajar en\u00a0coaliciones. Vale la pena considerar las ventajas y desaf\u00edos que supone trabajar en redes, coaliciones y alianzas. En\u00a0el\u00a0mejor de los casos, \u00e9stas proporcionan [&hellip;]<\/p>\n","protected":false},"author":9,"featured_media":0,"parent":180,"menu_order":6,"comment_status":"closed","ping_status":"open","template":"","meta":{"ocean_post_layout":"both-sidebars","ocean_both_sidebars_style":"","ocean_both_sidebars_content_width":0,"ocean_both_sidebars_sidebars_width":0,"ocean_sidebar":"","ocean_second_sidebar":"ocs-chapter-4","ocean_disable_margins":"enable","ocean_add_body_class":"chapter-4-pink","ocean_shortcode_before_top_bar":"","ocean_shortcode_after_top_bar":"","ocean_shortcode_before_header":"","ocean_shortcode_after_header":"","ocean_has_shortcode":"","ocean_shortcode_after_title":"","ocean_shortcode_before_footer_widgets":" ","ocean_shortcode_after_footer_widgets":"","ocean_shortcode_before_footer_bottom":"","ocean_shortcode_after_footer_bottom":"","ocean_display_top_bar":"default","ocean_display_header":"default","ocean_header_style":"","ocean_center_header_left_menu":"","ocean_custom_header_template":"","ocean_custom_logo":0,"ocean_custom_retina_logo":0,"ocean_custom_logo_max_width":0,"ocean_custom_logo_tablet_max_width":0,"ocean_custom_logo_mobile_max_width":0,"ocean_custom_logo_max_height":0,"ocean_custom_logo_tablet_max_height":0,"ocean_custom_logo_mobile_max_height":0,"ocean_header_custom_menu":"","ocean_menu_typo_font_family":"","ocean_menu_typo_font_subset":"","ocean_menu_typo_font_size":0,"ocean_menu_typo_font_size_tablet":0,"ocean_menu_typo_font_size_mobile":0,"ocean_menu_typo_font_size_unit":"px","ocean_menu_typo_font_weight":"","ocean_menu_typo_font_weight_tablet":"","ocean_menu_typo_font_weight_mobile":"","ocean_menu_typo_transform":"","ocean_menu_typo_transform_tablet":"","ocean_menu_typo_transform_mobile":"","ocean_menu_typo_line_height":0,"ocean_menu_typo_line_height_tablet":0,"ocean_menu_typo_line_height_mobile":0,"ocean_menu_typo_line_height_unit":"","ocean_menu_typo_spacing":0,"ocean_menu_typo_spacing_tablet":0,"ocean_menu_typo_spacing_mobile":0,"ocean_menu_typo_spacing_unit":"","ocean_menu_link_color":"","ocean_menu_link_color_hover":"","ocean_menu_link_color_active":"","ocean_menu_link_background":"","ocean_menu_link_hover_background":"","ocean_menu_link_active_background":"","ocean_menu_social_links_bg":"","ocean_menu_social_hover_links_bg":"","ocean_menu_social_links_color":"","ocean_menu_social_hover_links_color":"","ocean_disable_title":"default","ocean_disable_heading":"default","ocean_post_title":"","ocean_post_subheading":"","ocean_post_title_style":"solid-color","ocean_post_title_background_color":"#84372d","ocean_post_title_background":0,"ocean_post_title_bg_image_position":"","ocean_post_title_bg_image_attachment":"","ocean_post_title_bg_image_repeat":"","ocean_post_title_bg_image_size":"","ocean_post_title_height":0,"ocean_post_title_bg_overlay":0.5,"ocean_post_title_bg_overlay_color":"","ocean_disable_breadcrumbs":"default","ocean_breadcrumbs_color":"","ocean_breadcrumbs_separator_color":"","ocean_breadcrumbs_links_color":"","ocean_breadcrumbs_links_hover_color":"","ocean_display_footer_widgets":"default","ocean_display_footer_bottom":"default","ocean_custom_footer_template":"","_themeisle_gutenberg_block_has_review":false,"footnotes":""},"_links":{"self":[{"href":"https:\/\/taxjusticetoolkit.org\/es\/wp-json\/wp\/v2\/pages\/1258"}],"collection":[{"href":"https:\/\/taxjusticetoolkit.org\/es\/wp-json\/wp\/v2\/pages"}],"about":[{"href":"https:\/\/taxjusticetoolkit.org\/es\/wp-json\/wp\/v2\/types\/page"}],"author":[{"embeddable":true,"href":"https:\/\/taxjusticetoolkit.org\/es\/wp-json\/wp\/v2\/users\/9"}],"replies":[{"embeddable":true,"href":"https:\/\/taxjusticetoolkit.org\/es\/wp-json\/wp\/v2\/comments?post=1258"}],"version-history":[{"count":0,"href":"https:\/\/taxjusticetoolkit.org\/es\/wp-json\/wp\/v2\/pages\/1258\/revisions"}],"up":[{"embeddable":true,"href":"https:\/\/taxjusticetoolkit.org\/es\/wp-json\/wp\/v2\/pages\/180"}],"wp:attachment":[{"href":"https:\/\/taxjusticetoolkit.org\/es\/wp-json\/wp\/v2\/media?parent=1258"}],"curies":[{"name":"wp","href":"https:\/\/api.w.org\/{rel}","templated":true}]}}