{"id":1205,"date":"2012-11-18T17:40:09","date_gmt":"2012-11-18T16:40:09","guid":{"rendered":"http:\/\/taxjustice.somo.nl\/?page_id=1205"},"modified":"2022-03-01T11:01:32","modified_gmt":"2022-03-01T10:01:32","slug":"actividades-de-incidencia-politica-en-tributacion","status":"publish","type":"page","link":"https:\/\/taxjusticetoolkit.org\/es\/como-ser-proactivos-en-los-temas-de-tributacion\/actividades-de-incidencia-politica-en-tributacion\/","title":{"rendered":"Actividades de incidencia pol\u00edtica en\u00a0tributaci\u00f3n"},"content":{"rendered":"\n<p>Hay una variedad de actividades que formar\u00e1n parte de su plan de acci\u00f3n de incidencia pol\u00edtica en&nbsp;tributaci\u00f3n. Pero recuerden, siempre comiencen con una clara estrategia de incidencia que gu\u00ede su elecci\u00f3n (v\u00e9ase el Cap\u00edtulo 2). Es&nbsp;importante mapear el contexto de la incidencia antes de iniciar la&nbsp;planificaci\u00f3n e implementaci\u00f3n de actividades de&nbsp;incidencia espec\u00edficas. Tendr\u00e1n que tener en&nbsp;cuenta el contexto pol\u00edtico en que est\u00e1n trabajando: \u00bfcu\u00e1les son las fuerzas pol\u00edticas en acci\u00f3n, cu\u00e1les son los intereses creados, en&nbsp;qui\u00e9n est\u00e1n ustedes tratando de influir, qui\u00e9n podr\u00eda presentar una&nbsp;poderosa oposici\u00f3n y c\u00f3mo buscar\u00e1n ustedes neutralizar esa oposici\u00f3n? \u00a1Es&nbsp;toda una cuesti\u00f3n de&nbsp;estrategia y&nbsp;t\u00e1ctica!<\/p>\n\n\n\n<p>A fin de actuar estrat\u00e9gicamente es importante siempre considerar c\u00f3mo las actividades que&nbsp;piensan utilizar ayudar\u00e1n a alcanzar sus objetivos; puede ser una gran idea para un evento, pero a&nbsp;menos que sea relevante para cumplir sus objetivos, abst\u00e9ngase de ella.<\/p>\n\n\n\n<p>La idea es combinar sus actividades en una combinaci\u00f3n ganadora. Pueden utilizar diferentes actividades en diferentes momentos, pero aseg\u00farense de que se refuercen mutuamente. Las&nbsp;actividades tambi\u00e9n deben ser apropiadas para la audiencia destinataria; aqu\u00ed tambi\u00e9n, situaciones diferentes requerir\u00e1n t\u00e1cticas diferentes.<\/p>\n\n\n\n<p>La siguiente tabla muestra algunos ejemplos de&nbsp;actividades utilizadas a menudo en incidencia.<\/p>\n\n\n\n<h3 class=\"wp-block-heading\">Ejemplos de actividades de incidencia<\/h3>\n\n\n\n<figure class=\"wp-block-table\"><table><thead><tr><td>M\u00e9todo<\/td><td>Explicaci\u00f3n<\/td><td>Uso com\u00fan<\/td><td>Ejemplos<\/td><\/tr><\/thead><tbody><tr><td>Concienciaci\u00f3n<\/td><td>Informar a la gente de la situaci\u00f3n para que est\u00e9 consciente de los problemas.<p><\/p>\n<p>A menudo es el primer paso en un&nbsp;proceso de incidencia, para que las personas sean empoderadas para participar en la cuesti\u00f3n o campa\u00f1a y se ponga en acci\u00f3n.<\/p><\/td><td>Cuando se oculta la informaci\u00f3n.<p><\/p>\n<p>Cuando las cuestiones son complejas.<\/p>\n<p>Construir la confianza de aquellos que ustedes esperan se pondr\u00e1n en acci\u00f3n en&nbsp;el futuro.<\/p><\/td><td>Capacitaci\u00f3n<p><\/p>\n<p>Afiches y folletos<\/p>\n<p>Videos<\/p>\n<p>Reuniones comunales<\/p><\/td><\/tr><tr><td>Cabildeo<\/td><td>Hablar directamente con el destinatario de la incidencia, explicando los detalles del problema y la soluci\u00f3n propuesta.<\/td><td>Cuando el destinatario es abierto y escuchar\u00e1 los hechos y un argumento cuidadoso.<\/td><td>Reuniones<p><\/p>\n<p>Llamadas telef\u00f3nicas<\/p>\n<p>Documento informativo<\/p>\n<p>Reuniones p\u00fablicas<\/p><\/td><\/tr><tr><td>Medios de comunicaci\u00f3n<\/td><td>Utilizar los medios de comunicaci\u00f3n es&nbsp;una de las formas m\u00e1s eficaces de&nbsp;generar conciencia p\u00fablica y difundir los mensajes de campa\u00f1a. Radio, televisi\u00f3n y prensa comerciales, comunales y religiosas.<\/td><td>Cuando no se puede tener acceso directo a los responsables de las pol\u00edticas.<p><\/p>\n<p>Generar conciencia.<\/p>\n<p>Exponer el comportamiento de&nbsp;las&nbsp;empresas.<\/p><\/td><td>Entrevistas personales o&nbsp;telef\u00f3nicas en la radio <p><\/p>\n<p>Comunicados de prensa <\/p>\n<p>Dar informaci\u00f3n a un periodista<\/p>\n<p>Escribir editoriales de opini\u00f3n.<\/p><\/td><\/tr><tr><td>Movilizaci\u00f3n\/campa\u00f1a popular<\/td><td>Estrechamente relacionado con concienciaci\u00f3n y medios de&nbsp;comunicaci\u00f3n.<p><\/p>\n<p>Consiste en aprovechar la presi\u00f3n p\u00fablica para que tantas personas como sea posible participen en la campa\u00f1a y&nbsp;contacten con los decisores para convocar a un cambio.<\/p><\/td><td>Cuando los responsables de las pol\u00edticas pueden ser atra\u00eddos por la opini\u00f3n p\u00fablica (y, en el caso de muchos pol\u00edticos, por sus electores).<p><\/p>\n<p>Mostrar la fuerza de los sentimientos.<\/p>\n<p>Utilizar la fuerza de los n\u00fameros y&nbsp;la&nbsp;organizaci\u00f3n.<\/p><\/td><td>Redacci\u00f3n de cartas, postales, acciones por correo electr\u00f3nico, peticiones<p><\/p>\n<p>Marchas y m\u00edtines<\/p><\/td><\/tr><tr><td>Entablar di\u00e1logo con las empresas<\/td><td>Implica contacto directo y cara a cara con una empresa que est\u00e9 impactando con la cuesti\u00f3n que ustedes est\u00e1n tratando de abordar.<\/td><td>Cambiar las pol\u00edticas y pr\u00e1cticas de una empresa individual que est\u00e9 impactando en una poblaci\u00f3n local o desarrollo de un pa\u00eds (por ejemplo, una empresa minera).<p><\/p>\n<p>Tratar la relaci\u00f3n entablada con una&nbsp;empresa individual como un estudio de caso a fin de hacer incidencia por cambios en la conducta u obligaciones de&nbsp;todas las empresas.<\/p><\/td><td>Investigaci\u00f3n de conducta empresarial <p><\/p>\n<p>Cabildeo directo ante una&nbsp;empresa <\/p>\n<p>Di\u00e1logo con un grupo de&nbsp;empresas o de un organismo que represente a las empresas.<\/p><\/td><\/tr><tr><td>Vinculaci\u00f3n: redes y coaliciones<\/td><td>Construir alianzas con tantas personas y&nbsp;organizaciones como sea posible. Crear un movimiento por el cambio.<\/td><td>Hacer sostenible la incidencia a&nbsp;largo&nbsp;plazo.<p><\/p>\n<p>Cuando necesiten fuerza adicional en&nbsp;n\u00fameros y habilidades.<\/p><\/td><td>Red de Justicia Fiscal<p><\/p>\n<p>Campa\u00f1a Mundial por la&nbsp;Educaci\u00f3n<\/p><\/td><\/tr><\/tbody><\/table><\/figure>\n\n\n\n<p>Este cap\u00edtulo explorar\u00e1 con m\u00e1s detalle diferentes herramientas de incidencia que ustedes pueden utilizar y la mejor manera de asegurar que sean eficaces. La incidencia exitosa depende a menudo de&nbsp;la capacidad de comunicarse eficazmente, ya sea verbalmente o por escrito. As\u00ed que este cap\u00edtulo tambi\u00e9n brindar\u00e1 algunos consejos imprescindibles.<\/p>\n","protected":false},"excerpt":{"rendered":"<p>Hay una variedad de actividades que formar\u00e1n parte de su plan de acci\u00f3n de incidencia pol\u00edtica en&nbsp;tributaci\u00f3n. Pero recuerden, siempre comiencen con una clara estrategia de incidencia que gu\u00ede su elecci\u00f3n (v\u00e9ase el Cap\u00edtulo 2). Es&nbsp;importante mapear el contexto de la incidencia antes de iniciar la&nbsp;planificaci\u00f3n e implementaci\u00f3n de actividades de&nbsp;incidencia espec\u00edficas. Tendr\u00e1n que tener [&hellip;]<\/p>\n","protected":false},"author":9,"featured_media":0,"parent":180,"menu_order":0,"comment_status":"closed","ping_status":"closed","template":"","meta":{"ocean_post_layout":"both-sidebars","ocean_both_sidebars_style":"","ocean_both_sidebars_content_width":0,"ocean_both_sidebars_sidebars_width":0,"ocean_sidebar":"0","ocean_second_sidebar":"ocs-chapter-4","ocean_disable_margins":"enable","ocean_add_body_class":"chapter-4-pink","ocean_shortcode_before_top_bar":"","ocean_shortcode_after_top_bar":"","ocean_shortcode_before_header":"","ocean_shortcode_after_header":"","ocean_has_shortcode":"","ocean_shortcode_after_title":"","ocean_shortcode_before_footer_widgets":"","ocean_shortcode_after_footer_widgets":"","ocean_shortcode_before_footer_bottom":"","ocean_shortcode_after_footer_bottom":"","ocean_display_top_bar":"default","ocean_display_header":"default","ocean_header_style":"","ocean_center_header_left_menu":"0","ocean_custom_header_template":"0","ocean_custom_logo":0,"ocean_custom_retina_logo":0,"ocean_custom_logo_max_width":0,"ocean_custom_logo_tablet_max_width":0,"ocean_custom_logo_mobile_max_width":0,"ocean_custom_logo_max_height":0,"ocean_custom_logo_tablet_max_height":0,"ocean_custom_logo_mobile_max_height":0,"ocean_header_custom_menu":"0","ocean_menu_typo_font_family":"0","ocean_menu_typo_font_subset":"","ocean_menu_typo_font_size":0,"ocean_menu_typo_font_size_tablet":0,"ocean_menu_typo_font_size_mobile":0,"ocean_menu_typo_font_size_unit":"px","ocean_menu_typo_font_weight":"","ocean_menu_typo_font_weight_tablet":"","ocean_menu_typo_font_weight_mobile":"","ocean_menu_typo_transform":"","ocean_menu_typo_transform_tablet":"","ocean_menu_typo_transform_mobile":"","ocean_menu_typo_line_height":0,"ocean_menu_typo_line_height_tablet":0,"ocean_menu_typo_line_height_mobile":0,"ocean_menu_typo_line_height_unit":"","ocean_menu_typo_spacing":0,"ocean_menu_typo_spacing_tablet":0,"ocean_menu_typo_spacing_mobile":0,"ocean_menu_typo_spacing_unit":"","ocean_menu_link_color":"","ocean_menu_link_color_hover":"","ocean_menu_link_color_active":"","ocean_menu_link_background":"","ocean_menu_link_hover_background":"","ocean_menu_link_active_background":"","ocean_menu_social_links_bg":"","ocean_menu_social_hover_links_bg":"","ocean_menu_social_links_color":"","ocean_menu_social_hover_links_color":"","ocean_disable_title":"default","ocean_disable_heading":"default","ocean_post_title":"","ocean_post_subheading":"","ocean_post_title_style":"solid-color","ocean_post_title_background_color":"#84372d","ocean_post_title_background":0,"ocean_post_title_bg_image_position":"","ocean_post_title_bg_image_attachment":"","ocean_post_title_bg_image_repeat":"","ocean_post_title_bg_image_size":"","ocean_post_title_height":0,"ocean_post_title_bg_overlay":0.5,"ocean_post_title_bg_overlay_color":"","ocean_disable_breadcrumbs":"default","ocean_breadcrumbs_color":"","ocean_breadcrumbs_separator_color":"","ocean_breadcrumbs_links_color":"","ocean_breadcrumbs_links_hover_color":"","ocean_display_footer_widgets":"default","ocean_display_footer_bottom":"default","ocean_custom_footer_template":"0","_themeisle_gutenberg_block_has_review":false,"footnotes":""},"_links":{"self":[{"href":"https:\/\/taxjusticetoolkit.org\/es\/wp-json\/wp\/v2\/pages\/1205"}],"collection":[{"href":"https:\/\/taxjusticetoolkit.org\/es\/wp-json\/wp\/v2\/pages"}],"about":[{"href":"https:\/\/taxjusticetoolkit.org\/es\/wp-json\/wp\/v2\/types\/page"}],"author":[{"embeddable":true,"href":"https:\/\/taxjusticetoolkit.org\/es\/wp-json\/wp\/v2\/users\/9"}],"replies":[{"embeddable":true,"href":"https:\/\/taxjusticetoolkit.org\/es\/wp-json\/wp\/v2\/comments?post=1205"}],"version-history":[{"count":1,"href":"https:\/\/taxjusticetoolkit.org\/es\/wp-json\/wp\/v2\/pages\/1205\/revisions"}],"predecessor-version":[{"id":2516,"href":"https:\/\/taxjusticetoolkit.org\/es\/wp-json\/wp\/v2\/pages\/1205\/revisions\/2516"}],"up":[{"embeddable":true,"href":"https:\/\/taxjusticetoolkit.org\/es\/wp-json\/wp\/v2\/pages\/180"}],"wp:attachment":[{"href":"https:\/\/taxjusticetoolkit.org\/es\/wp-json\/wp\/v2\/media?parent=1205"}],"curies":[{"name":"wp","href":"https:\/\/api.w.org\/{rel}","templated":true}]}}