{"id":1194,"date":"2012-11-18T16:59:25","date_gmt":"2012-11-18T15:59:25","guid":{"rendered":"http:\/\/taxjustice.somo.nl\/?page_id=1194"},"modified":"2022-01-25T10:33:40","modified_gmt":"2022-01-25T09:33:40","slug":"formulacion-de-un-ciclo-de-incidencia-politica","status":"publish","type":"page","link":"https:\/\/taxjusticetoolkit.org\/es\/como-desarrollar-la-estrategia-de-incidencia-politica-en-tributacion\/formulacion-de-un-ciclo-de-incidencia-politica\/","title":{"rendered":"Formulaci\u00f3n de un ciclo de incidencia pol\u00edtica"},"content":{"rendered":"<blockquote>\n<div class=\"quote-text\">\u2018Uno de los errores m\u00e1s comunes que cometen los activistas es caer en la trampa de la actividad. Uno pasa directamente de las buenas intenciones a la actividad plena, con o sin planes de actividades. El\u00a0resultado es a menudo mal uso de recursos, frustraci\u00f3n y, en \u00faltima instancia, fracaso&#8230; Haciendo una peque\u00f1a pausa y un poco de trabajo sobre estrategia, los activistas pueden tener una mejor posibilidad de canalizar sus recursos hacia los resultados que buscan\u2019.<\/div>\n<footer class=\"author\">\u2014 De Intercambio Internacional por la Libertad de Expresi\u00f3n, Campaigning for Freedom of Expression, A Handbook for Advocates<\/footer>\n<\/blockquote>\n<h2><a name=\"c201\"><\/a>\u00bfQu\u00e9 es incidencia pol\u00edtica?<\/h2>\n<p>Incidencia pol\u00edtica es un t\u00e9rmino utilizado para abarcar una serie de actividades que\u00a0organizaciones o personas pueden adoptar para ejercer presi\u00f3n para el cambio en una pol\u00edtica o comportamiento espec\u00edficos de un gobierno, instituci\u00f3n, organizaci\u00f3n (por ejemplo, el Fondo Monetario Internacional (FMI) o el Banco Mundial) o, posiblemente, una sola persona (por ejemplo un\u00a0l\u00edder empresarial o el alcalde de una ciudad). La\u00a0incidencia puede ser un proceso de cambio social que influya en las actitudes, relaciones sociales y relaciones de poder, y que fortalezca la\u00a0sociedad civil y abra espacios democr\u00e1ticos.<\/p>\n<p>En \u00faltima instancia, la incidencia busca abordar las\u00a0causas subyacentes de un problema, eliminar los obst\u00e1culos para llegar a la soluci\u00f3n e influir con \u00e9xito en las agendas para lograr el cambio deseado. La incidencia por justicia tributaria podr\u00eda ser un elemento importante en el logro de cambios m\u00e1s amplios relacionados con la reducci\u00f3n de\u00a0la\u00a0pobreza, el desarrollo y la justicia social.<\/p>\n<p>La incidencia puede incluir investigaci\u00f3n y an\u00e1lisis de pol\u00edticas, cabildeo, trabajo con medios de\u00a0comunicaci\u00f3n y campa\u00f1as.<\/p>\n<h2><a name=\"c202\"><\/a>El ciclo de planificaci\u00f3n de la incidencia pol\u00edtica \u2013 desarrollo de la estrategia de incidencia pol\u00edtica<\/h2>\n<p>Su trabajo de incidencia puede tener m\u00e1s impacto si ustedes tiene una estrategia de incidencia sistem\u00e1tica, consistente en investigar adecuadamente la problem\u00e1tica, analizar el\u00a0contexto pol\u00edtico, identificar objetivos, adversarios, aliados y resultados deseados, y tener claridad en los mensajes clave que se desea transmitir y los cambios que se est\u00e1n buscando.<\/p>\n<p>Los planes de incidencia deben permanecer flexibles para responder a un entorno pol\u00edtico cambiante, nuevos aprendizajes y nuevas oportunidades o amenazas pol\u00edticas. La estrategia nunca debe ser formulada en t\u00e9rminos inamovibles. Los diferentes pasos tendr\u00e1n que\u00a0examinarse de nuevo en momentos diferentes. \u00a1Es una cuesti\u00f3n de estrategia y\u00a0t\u00e1cticas! Tengan en cuenta que la incidencia puede a veces requerir largo tiempo para obtener resultados \u2014piensen nom\u00e1s en cu\u00e1nto tiempo le\u00a0tom\u00f3 al movimiento anti-apartheid lograr un\u00a0cambio en Sud\u00e1frica\u2014 as\u00ed que prep\u00e1rense para un largo camino pero con la esperanza de que el\u00a0\u00e9xito puede llegar m\u00e1s pronto de lo que piensan.<\/p>\n<p>Este cap\u00edtulo les guiar\u00e1 paso a paso a trav\u00e9s del desarrollo de una estrategia de incidencia. Les\u00a0guiaremos a trav\u00e9s de seis pasos, pero desde luego la secuenciaci\u00f3n de estos pasos no es fija. A\u00a0veces pueden cambiar el orden, dependiendo de\u00a0lo que funciona para ustedes y su contexto.<\/p>\n<p>Al final de este cap\u00edtulo pueden encontrar un\u00a0\u2018modelo de estrategia de incidencia\u2019 (Ap\u00e9ndice 1).<\/p>\n<figure id=\"attachment_1582\" aria-describedby=\"caption-attachment-1582\" style=\"width: 300px\" class=\"wp-caption alignnone\"><a href=\"https:\/\/taxjusticetoolkit.org\/wp-content\/uploads\/2011\/09\/Ch2_Advocacy-diagram_01.jpg\"><img loading=\"lazy\" decoding=\"async\" class=\"size-medium wp-image-1582\" src=\"https:\/\/taxjusticetoolkit.org\/wp-content\/uploads\/2011\/09\/Ch2_Advocacy-diagram_01-300x227.jpg\" alt=\"\" width=\"300\" height=\"227\" srcset=\"https:\/\/taxjusticetoolkit.org\/wp-content\/uploads\/2011\/09\/Ch2_Advocacy-diagram_01-300x227.jpg 300w, https:\/\/taxjusticetoolkit.org\/wp-content\/uploads\/2011\/09\/Ch2_Advocacy-diagram_01.jpg 657w\" sizes=\"(max-width: 300px) 100vw, 300px\" \/><\/a><figcaption id=\"caption-attachment-1582\" class=\"wp-caption-text\">Advocacy-diagram<\/figcaption><\/figure>\n","protected":false},"excerpt":{"rendered":"<p>\u2018Uno de los errores m\u00e1s comunes que cometen los activistas es caer en la trampa de la actividad. Uno pasa directamente de las buenas intenciones a la actividad plena, con o sin planes de actividades. El\u00a0resultado es a menudo mal uso de recursos, frustraci\u00f3n y, en \u00faltima instancia, fracaso&#8230; Haciendo una peque\u00f1a pausa y un [&hellip;]<\/p>\n","protected":false},"author":9,"featured_media":0,"parent":82,"menu_order":0,"comment_status":"closed","ping_status":"closed","template":"","meta":{"ocean_post_layout":"left-sidebar","ocean_both_sidebars_style":"","ocean_both_sidebars_content_width":0,"ocean_both_sidebars_sidebars_width":0,"ocean_sidebar":"ocs-chapter-2","ocean_second_sidebar":"0","ocean_disable_margins":"enable","ocean_add_body_class":"chapter-2-green","ocean_shortcode_before_top_bar":"","ocean_shortcode_after_top_bar":"","ocean_shortcode_before_header":"","ocean_shortcode_after_header":"","ocean_has_shortcode":"","ocean_shortcode_after_title":"","ocean_shortcode_before_footer_widgets":" ","ocean_shortcode_after_footer_widgets":"","ocean_shortcode_before_footer_bottom":"","ocean_shortcode_after_footer_bottom":"","ocean_display_top_bar":"default","ocean_display_header":"default","ocean_header_style":"","ocean_center_header_left_menu":"0","ocean_custom_header_template":"0","ocean_custom_logo":0,"ocean_custom_retina_logo":0,"ocean_custom_logo_max_width":0,"ocean_custom_logo_tablet_max_width":0,"ocean_custom_logo_mobile_max_width":0,"ocean_custom_logo_max_height":0,"ocean_custom_logo_tablet_max_height":0,"ocean_custom_logo_mobile_max_height":0,"ocean_header_custom_menu":"0","ocean_menu_typo_font_family":"0","ocean_menu_typo_font_subset":"","ocean_menu_typo_font_size":0,"ocean_menu_typo_font_size_tablet":0,"ocean_menu_typo_font_size_mobile":0,"ocean_menu_typo_font_size_unit":"px","ocean_menu_typo_font_weight":"","ocean_menu_typo_font_weight_tablet":"","ocean_menu_typo_font_weight_mobile":"","ocean_menu_typo_transform":"","ocean_menu_typo_transform_tablet":"","ocean_menu_typo_transform_mobile":"","ocean_menu_typo_line_height":0,"ocean_menu_typo_line_height_tablet":0,"ocean_menu_typo_line_height_mobile":0,"ocean_menu_typo_line_height_unit":"","ocean_menu_typo_spacing":0,"ocean_menu_typo_spacing_tablet":0,"ocean_menu_typo_spacing_mobile":0,"ocean_menu_typo_spacing_unit":"","ocean_menu_link_color":"","ocean_menu_link_color_hover":"","ocean_menu_link_color_active":"","ocean_menu_link_background":"","ocean_menu_link_hover_background":"","ocean_menu_link_active_background":"","ocean_menu_social_links_bg":"","ocean_menu_social_hover_links_bg":"","ocean_menu_social_links_color":"","ocean_menu_social_hover_links_color":"","ocean_disable_title":"default","ocean_disable_heading":"default","ocean_post_title":"","ocean_post_subheading":"","ocean_post_title_style":"solid-color","ocean_post_title_background_color":"#4C7231","ocean_post_title_background":0,"ocean_post_title_bg_image_position":"","ocean_post_title_bg_image_attachment":"","ocean_post_title_bg_image_repeat":"","ocean_post_title_bg_image_size":"","ocean_post_title_height":0,"ocean_post_title_bg_overlay":0.5,"ocean_post_title_bg_overlay_color":"","ocean_disable_breadcrumbs":"default","ocean_breadcrumbs_color":"","ocean_breadcrumbs_separator_color":"","ocean_breadcrumbs_links_color":"","ocean_breadcrumbs_links_hover_color":"","ocean_display_footer_widgets":"default","ocean_display_footer_bottom":"default","ocean_custom_footer_template":"0","_themeisle_gutenberg_block_has_review":false,"footnotes":""},"_links":{"self":[{"href":"https:\/\/taxjusticetoolkit.org\/es\/wp-json\/wp\/v2\/pages\/1194"}],"collection":[{"href":"https:\/\/taxjusticetoolkit.org\/es\/wp-json\/wp\/v2\/pages"}],"about":[{"href":"https:\/\/taxjusticetoolkit.org\/es\/wp-json\/wp\/v2\/types\/page"}],"author":[{"embeddable":true,"href":"https:\/\/taxjusticetoolkit.org\/es\/wp-json\/wp\/v2\/users\/9"}],"replies":[{"embeddable":true,"href":"https:\/\/taxjusticetoolkit.org\/es\/wp-json\/wp\/v2\/comments?post=1194"}],"version-history":[{"count":1,"href":"https:\/\/taxjusticetoolkit.org\/es\/wp-json\/wp\/v2\/pages\/1194\/revisions"}],"predecessor-version":[{"id":1828,"href":"https:\/\/taxjusticetoolkit.org\/es\/wp-json\/wp\/v2\/pages\/1194\/revisions\/1828"}],"up":[{"embeddable":true,"href":"https:\/\/taxjusticetoolkit.org\/es\/wp-json\/wp\/v2\/pages\/82"}],"wp:attachment":[{"href":"https:\/\/taxjusticetoolkit.org\/es\/wp-json\/wp\/v2\/media?parent=1194"}],"curies":[{"name":"wp","href":"https:\/\/api.w.org\/{rel}","templated":true}]}}